{"id":5117,"date":"2025-12-01T22:13:59","date_gmt":"2025-12-02T01:13:59","guid":{"rendered":"https:\/\/episnasaude.com.br\/?post_type=product&#038;p=5117"},"modified":"2026-03-11T22:52:16","modified_gmt":"2026-03-12T01:52:16","slug":"sticky-shoes-breeze-com-solado-de-borracha-branco","status":"publish","type":"product","link":"https:\/\/episnasaude.com.br\/index.php\/product\/sticky-shoes-breeze-com-solado-de-borracha-branco\/","title":{"rendered":"STICKY SHOES BREEZE COM SOLADO DE BORRACHA | CA 52.252"},"content":{"rendered":"<p><strong>CARACTER\u00cdSTICAS E CAMPOS DE USO<br \/>\n<\/strong><\/p>\n<ul>\n<li class=\"p1\"><strong>Classe II:<\/strong> Cal\u00e7ado Imperme\u00e1vel<\/li>\n<li class=\"p1\"><strong>Tipo A:<\/strong> Cal\u00e7ado Baixo<\/li>\n<li class=\"p1\"><strong>OB:<\/strong> Ocupacional B\u00e1sico<\/li>\n<li class=\"p1\"><strong>SRC:<\/strong> Resistente ao escorregamento em piso de cer\u00e2mica\u00a0contaminado com detergente e em piso de a\u00e7o contaminado\u00a0com \u00f3leo mineral<\/li>\n<li class=\"p1\"><strong>E:<\/strong> Absor\u00e7\u00e3o de energia na \u00e1rea do salto<\/li>\n<li class=\"p1\"><strong>FO:<\/strong> Resistente a hidrocarbonetos<\/li>\n<\/ul>\n<p class=\"p1\"><strong>NORMAS T\u00c9CNICAS ATENDIDAS<\/strong><\/p>\n<ul>\n<li class=\"p1\">ABNT NBR ISO 20.347<\/li>\n<li class=\"p1\">EN ISO 20.347<\/li>\n<\/ul>\n<p><strong>ARMAZENAMENTO<\/strong><\/p>\n<p class=\"p1\">Armazenar em ambiente com temperatura m\u00e9dia de at\u00e9 30\u00b0C e umidade relativa do ar de at\u00e9 70%.<br \/>\nManter o local arejado, livre de calor excessivo, luz solar direta e umidade.<\/p>\n<p><strong>HIGIENIZA\u00c7\u00c3O<\/strong><\/p>\n<p class=\"p1\">Secar o cal\u00e7ado em\u00a0temperatura ambiente. N\u00e3o\u00a0utilizar fornos, secadoras ou\u00a0outros equipamentos que\u00a0gerem calor for\u00e7ado.<\/p>\n<p><strong>CUIDADOS<\/strong><\/p>\n<p class=\"p1\">Evitar a exposi\u00e7\u00e3o\u00a0prolongada a altas\u00a0temperaturas para\u00a0preservar a integridade\u00a0do cabedal.<\/p>\n<p><strong>QUANDO SUBSTITUIR<\/strong><\/p>\n<p class=\"p1\">O cal\u00e7ado deve ser substitu\u00eddo ao apresentar qualquer risco \u00e0\u00a0integridade f\u00edsica do usu\u00e1rio, como desgaste excessivo ou danos.\u00a0O fabricante oferece garantia de 90 dias contra defeitos de\u00a0fabrica\u00e7\u00e3o, desde que seja utilizado em condi\u00e7\u00f5es normais de\u00a0uso.<\/p>\n<p><strong>DURABILIDADE DO SOLADO<\/strong><\/p>\n<p>A durabilidade do solado depende da rugosidade do piso e do tipo de atividade do usu\u00e1rio. Em pisos semelhantes aos utilizados nos testes conforme a ISO 20.347, a vida \u00fatil m\u00e9dia do solado \u00e9 de 360 dias.<\/p>\n<p><span style=\"color: #ff0000;\"><strong>RESTRI\u00c7\u00d5ES E LIMITA\u00c7\u00d5ES DE USO<\/strong><\/span><\/p>\n<ul>\n<li>N\u00e3o utilizar a bota em \u00e1reas energizadas.<\/li>\n<li>N\u00e3o indicado para ambientes com agentes t\u00e9rmicos (calor extremo ou chamas).<\/li>\n<li>N\u00e3o secar seu EPI sob luz direta do sol.<\/li>\n<li>N\u00e3o apropriado para aplica\u00e7\u00f5es de agrot\u00f3xicos.<\/li>\n<li>N\u00e3o utlizar fornos, secadores ou outros equipamentos que gerem calor for\u00e7ado.<\/li>\n<\/ul>\n<p><span style=\"color: #ff0000;\"><strong>SUBST\u00c2NCIAS RESTRITIVAS<\/strong><\/span><\/p>\n<p>Este produto n\u00e3o cont\u00e9m subst\u00e2ncias nocivas \u00e0 sa\u00fade do usu\u00e1rio. \u00c9 livre de <em><strong>Ftalatos<\/strong><\/em> e atende aos padr\u00f5es internacionais de seguran\u00e7a.<\/p>\n<p><img decoding=\"async\" class=\"alignnone size-medium wp-image-5069\" src=\"https:\/\/episnasaude.com.br\/wp-content\/uploads\/2025\/12\/SELO-300x144.gif\" alt=\"\" width=\"300\" height=\"144\" srcset=\"https:\/\/episnasaude.com.br\/wp-content\/uploads\/2025\/12\/SELO-300x144.gif 300w, https:\/\/episnasaude.com.br\/wp-content\/uploads\/2025\/12\/SELO-1024x490.gif 1024w, https:\/\/episnasaude.com.br\/wp-content\/uploads\/2025\/12\/SELO-768x367.gif 768w, https:\/\/episnasaude.com.br\/wp-content\/uploads\/2025\/12\/SELO-600x287.gif 600w\" sizes=\"(max-width: 300px) 100vw, 300px\" \/><\/p>\n","protected":false},"excerpt":{"rendered":"<p class=\"p1\">Cal\u00e7ado imperme\u00e1vel, leve, ocupacional, unissex, com cabedal\u00a0injetado em EVA, palmilha lav\u00e1vel antimicrobiana de 3 camadas\u00a0e solado antiderrapante de borracha vulcanizada, resistente ao\u00a0escorregamento, com \u00edndice SRC.<\/p>\n<p class=\"p1\"><strong>PROTE\u00c7\u00c3O E INDICA\u00c7\u00c3O DE USO<\/strong><\/p>\n<p class=\"p2\">Cal\u00e7ado para prote\u00e7\u00e3o dos p\u00e9s contra agentes abrasivos e\u00a0escoriantes, umidade proveniente do trabalho com \u00e1gua e\u00a0resist\u00eancia ao escorregamento em pisos escorregadios.\u00a0Desenvolvido para uso em gastronomia e servi\u00e7os de\u00a0alimenta\u00e7\u00e3o, como restaurantes, bares, cozinhas industriais,\u00a0padarias, confeitarias, ind\u00fastrias aliment\u00edcias e supermercados,\u00a0al\u00e9m dos segmentos de sa\u00fade, bem-estar, hospitais, cl\u00ednicas,\u00a0laborat\u00f3rios, spas, centros est\u00e9ticos, servi\u00e7os de limpeza e\u00a0higiene, empresas de limpeza profissional, limpeza hospitalar,\u00a0hotelaria e servi\u00e7os de governan\u00e7a.<\/p>\n<p class=\"p2\">Atende plenamente \u00e0 norma NR-32, que regulamenta medidas\u00a0de prote\u00e7\u00e3o em servi\u00e7os de sa\u00fade.<\/p>\n<p><img decoding=\"async\" class=\"alignnone size-medium wp-image-5717\" src=\"https:\/\/episnasaude.com.br\/wp-content\/uploads\/2025\/12\/dwefg-300x78.png\" alt=\"\" width=\"300\" height=\"78\" srcset=\"https:\/\/episnasaude.com.br\/wp-content\/uploads\/2025\/12\/dwefg-300x78.png 300w, https:\/\/episnasaude.com.br\/wp-content\/uploads\/2025\/12\/dwefg-768x199.png 768w, https:\/\/episnasaude.com.br\/wp-content\/uploads\/2025\/12\/dwefg-600x155.png 600w, https:\/\/episnasaude.com.br\/wp-content\/uploads\/2025\/12\/dwefg.png 935w\" sizes=\"(max-width: 300px) 100vw, 300px\" \/><\/p>\n","protected":false},"featured_media":5089,"comment_status":"open","ping_status":"closed","template":"","meta":[],"product_brand":[],"product_cat":[38],"product_tag":[],"class_list":{"0":"post-5117","1":"product","2":"type-product","3":"status-publish","4":"has-post-thumbnail","6":"product_cat-breeze","8":"first","9":"instock","10":"shipping-taxable","11":"purchasable","12":"product-type-variable","13":"has-default-attributes"},"_links":{"self":[{"href":"https:\/\/episnasaude.com.br\/index.php\/wp-json\/wp\/v2\/product\/5117","targetHints":{"allow":["GET"]}}],"collection":[{"href":"https:\/\/episnasaude.com.br\/index.php\/wp-json\/wp\/v2\/product"}],"about":[{"href":"https:\/\/episnasaude.com.br\/index.php\/wp-json\/wp\/v2\/types\/product"}],"replies":[{"embeddable":true,"href":"https:\/\/episnasaude.com.br\/index.php\/wp-json\/wp\/v2\/comments?post=5117"}],"wp:featuredmedia":[{"embeddable":true,"href":"https:\/\/episnasaude.com.br\/index.php\/wp-json\/wp\/v2\/media\/5089"}],"wp:attachment":[{"href":"https:\/\/episnasaude.com.br\/index.php\/wp-json\/wp\/v2\/media?parent=5117"}],"wp:term":[{"taxonomy":"product_brand","embeddable":true,"href":"https:\/\/episnasaude.com.br\/index.php\/wp-json\/wp\/v2\/product_brand?post=5117"},{"taxonomy":"product_cat","embeddable":true,"href":"https:\/\/episnasaude.com.br\/index.php\/wp-json\/wp\/v2\/product_cat?post=5117"},{"taxonomy":"product_tag","embeddable":true,"href":"https:\/\/episnasaude.com.br\/index.php\/wp-json\/wp\/v2\/product_tag?post=5117"}],"curies":[{"name":"wp","href":"https:\/\/api.w.org\/{rel}","templated":true}]}}