{"id":5431,"date":"2025-12-02T10:53:48","date_gmt":"2025-12-02T13:53:48","guid":{"rendered":"https:\/\/episnasaude.com.br\/?post_type=product&#038;p=5431"},"modified":"2026-03-11T22:43:05","modified_gmt":"2026-03-12T01:43:05","slug":"bota-ocupacional-inteira-de-eva-sticky-shoes-ca-51814-branco","status":"publish","type":"product","link":"https:\/\/episnasaude.com.br\/index.php\/product\/bota-ocupacional-inteira-de-eva-sticky-shoes-ca-51814-branco\/","title":{"rendered":"BOTA OCUPACIONAL INTEIRA DE EVA STICKY SHOES | CA 50.111"},"content":{"rendered":"<p><strong>CARACTER\u00cdSTICAS E CAMPOS DE USO<br \/>\n<\/strong><\/p>\n<ul>\n<li class=\"p2\"><strong>OB:<\/strong> Ocupacional B\u00e1sico<\/li>\n<li class=\"p2\"><strong>CI:<\/strong> Isolamento ao frio do conjunto do solado<\/li>\n<li class=\"p2\"><strong>E:<\/strong> Absor\u00e7\u00e3o de energia na \u00e1rea do salto<\/li>\n<li class=\"p2\"><strong>D:<\/strong> Prote\u00e7\u00e3o at\u00e9 o joelho<\/li>\n<li class=\"p2\"><strong>WR:<\/strong> Imperme\u00e1vel \u00e0 \u00e1gua<\/li>\n<li class=\"p2\"><strong>D-K-O-P-R:<\/strong> Resistente contra respingos de produtos qu\u00edmicos<\/li>\n<li class=\"p2\"><strong>SRA:<\/strong> Resistente ao escorregamento em piso de cer\u00e2mica\u00a0contaminado com detergente<\/li>\n<\/ul>\n<p class=\"p1\"><strong>NORMAS T\u00c9CNICAS ATENDIDAS<\/strong><\/p>\n<ul>\n<li class=\"p2\">ABNT NBR ISO 20344:2015<\/li>\n<li class=\"p2\">ABNT NBR ISO 20347:2015<\/li>\n<\/ul>\n<p class=\"p1\"><strong>PALMILHA<\/strong><\/p>\n<p class=\"p2\">Acompanha palmilha de 3 camadas\u00a0com tratamento antimicrobiano com\u00a0\u00edons de sais de prata que inibem a\u00a0prolifera\u00e7\u00e3o de fungos e bact\u00e9rias.<\/p>\n<p><strong>ARMAZENAMENTO<\/strong><\/p>\n<p class=\"p1\">Armazenar em ambiente com temperatura m\u00e9dia de at\u00e9\u00a030\u00b0C e umidade relativa do ar de at\u00e9 70%.<br \/>\nManter o local\u00a0arejado, livre de calor excessivo, luz solar direta e umidade.<\/p>\n<p><strong>HIGIENIZA\u00c7\u00c3O<\/strong><\/p>\n<p>Secar a bota em temperatura\u00a0ambiente. N\u00e3o utilizar fornos,\u00a0secadoras ou outros\u00a0equipamentos que gerem\u00a0calor for\u00e7ado.<\/p>\n<p><strong>CUIDADOS<\/strong><\/p>\n<p>Evitar a exposi\u00e7\u00e3o\u00a0prolongada a altas\u00a0temperaturas para\u00a0preservar a integridade\u00a0do cabedal.<\/p>\n<p><strong>QUANDO SUBSTITUIR<\/strong><\/p>\n<p>A bota deve ser substitu\u00edda ao apresentar qualquer risco \u00e0 integridade f\u00edsica do usu\u00e1rio, como desgaste excessivo ou danos. O fabricante oferece garantia de 90 dias contra defeitos de fabrica\u00e7\u00e3o, desde que seja utilizado em condi\u00e7\u00f5es normais de uso.<\/p>\n<p><strong>DURABILIDADE DO SOLADO<\/strong><\/p>\n<p>A durabilidade do solado depende da rugosidade do piso e do tipo de atividade do usu\u00e1rio. Em pisos semelhantes aos utilizados nos testes conforme a ISO 20.347, a vida \u00fatil m\u00e9dia do solado \u00e9 de 360 dias.<\/p>\n<p><span style=\"color: #ff0000;\"><strong>RESTRI\u00c7\u00d5ES E LIMITA\u00c7\u00d5ES DE USO<\/strong><\/span><\/p>\n<ul>\n<li>N\u00e3o utilizar a bota em \u00e1reas energizadas.<\/li>\n<li>N\u00e3o indicado para ambientes com agentes t\u00e9rmicos (calor extremo ou chamas).<\/li>\n<li>N\u00e3o secar seu EPI sob luz direta do sol.<\/li>\n<li>N\u00e3o apropriado para aplica\u00e7\u00f5es de agrot\u00f3xicos.<\/li>\n<li>N\u00e3o utlizar fornos, secadores ou outros equipamentos que gerem calor for\u00e7ado.<\/li>\n<\/ul>\n<p><span style=\"color: #ff0000;\"><strong>SUBST\u00c2NCIAS RESTRITIVAS<\/strong><\/span><\/p>\n<p>Este produto n\u00e3o cont\u00e9m subst\u00e2ncias nocivas \u00e0 sa\u00fade do usu\u00e1rio. \u00c9 livre de <em><strong>Ftalatos<\/strong><\/em> e atende aos padr\u00f5es internacionais de seguran\u00e7a.<\/p>\n<p><span style=\"color: #ff0000;\"><strong>PROPRIEDADE DE PROTE\u00c7\u00c3O DO EPI CONTRA RESPINGOS DE PRODUTOS QU\u00cdMICOS.<\/strong><\/span><\/p>\n<p>Voc\u00ea passar\u00e1 a utilizar um EPI para contato limitado com produtos qu\u00edmicos. Este EPI foi avaliado com a norma BS EN 13.832-2:2018\/Tipo U. A bota foi testada com os produtos qu\u00edmicos indicados nesta ficha t\u00e9cnica. A prote\u00e7\u00e3o foi avaliada em condi\u00e7\u00f5es de laborat\u00f3rio e refere-se apenas aos produtos qu\u00edmicos listados. O usu\u00e1rio deve estar ciente de que, em caso de contato com outros produtos qu\u00edmicos ou com fatores ambientais, a prote\u00e7\u00e3o fornecida pelo EPI poder\u00e1 ser afetada adversamente e devem ser tomadas as devidas precau\u00e7\u00f5es.<\/p>\n<p>O EPI Tipo \u201cU\u201d foi projetado e fabricado para proteger o usu\u00e1rio de produtos qu\u00edmicos que respinguem no cabedal. O tempo de contato pode ser intermitente, n\u00e3o podendo exceder 60 minutos de cada vez. Ap\u00f3s o contato com produtos qu\u00edmicos descritos na tabela, o EPI deve ser devidamente limpo antes de uma nova utiliza\u00e7\u00e3o.<br \/>\n<strong>\u00a0<\/strong><\/p>\n","protected":false},"excerpt":{"rendered":"<p class=\"p1\"><strong>PROTE\u00c7\u00c3O E INDICA\u00c7\u00c3O DE USO<\/strong><\/p>\n<p class=\"p2\">Bota para prote\u00e7\u00e3o dos p\u00e9s contra agentes abrasivos e escoriantes, umidade proveniente do trabalho com \u00e1gua e resist\u00eancia ao escorregamento em locais escorregadios. Excelente prote\u00e7\u00e3o em pisos contaminados com res\u00edduos s\u00f3lidos e org\u00e2nicos t\u00edpicos do processamento de carne.\u00a0Indicada para uso em frigor\u00edficos, a\u00e7ougues, abatedouros,\u00a0unidades de desossa, c\u00e2maras frias e demais \u00e1reas de\u00a0processamento de prote\u00edna animal.<\/p>\n<p><img decoding=\"async\" class=\"alignnone size-medium wp-image-5717\" src=\"https:\/\/episnasaude.com.br\/wp-content\/uploads\/2025\/12\/dwefg-300x78.png\" alt=\"\" width=\"300\" height=\"78\" srcset=\"https:\/\/episnasaude.com.br\/wp-content\/uploads\/2025\/12\/dwefg-300x78.png 300w, https:\/\/episnasaude.com.br\/wp-content\/uploads\/2025\/12\/dwefg-768x199.png 768w, https:\/\/episnasaude.com.br\/wp-content\/uploads\/2025\/12\/dwefg-600x155.png 600w, https:\/\/episnasaude.com.br\/wp-content\/uploads\/2025\/12\/dwefg.png 935w\" sizes=\"(max-width: 300px) 100vw, 300px\" \/><\/p>\n","protected":false},"featured_media":5457,"comment_status":"open","ping_status":"closed","template":"","meta":[],"product_brand":[],"product_cat":[39],"product_tag":[],"class_list":{"0":"post-5431","1":"product","2":"type-product","3":"status-publish","4":"has-post-thumbnail","6":"product_cat-botas-industriais","8":"first","9":"instock","10":"shipping-taxable","11":"purchasable","12":"product-type-variable","13":"has-default-attributes"},"_links":{"self":[{"href":"https:\/\/episnasaude.com.br\/index.php\/wp-json\/wp\/v2\/product\/5431","targetHints":{"allow":["GET"]}}],"collection":[{"href":"https:\/\/episnasaude.com.br\/index.php\/wp-json\/wp\/v2\/product"}],"about":[{"href":"https:\/\/episnasaude.com.br\/index.php\/wp-json\/wp\/v2\/types\/product"}],"replies":[{"embeddable":true,"href":"https:\/\/episnasaude.com.br\/index.php\/wp-json\/wp\/v2\/comments?post=5431"}],"wp:featuredmedia":[{"embeddable":true,"href":"https:\/\/episnasaude.com.br\/index.php\/wp-json\/wp\/v2\/media\/5457"}],"wp:attachment":[{"href":"https:\/\/episnasaude.com.br\/index.php\/wp-json\/wp\/v2\/media?parent=5431"}],"wp:term":[{"taxonomy":"product_brand","embeddable":true,"href":"https:\/\/episnasaude.com.br\/index.php\/wp-json\/wp\/v2\/product_brand?post=5431"},{"taxonomy":"product_cat","embeddable":true,"href":"https:\/\/episnasaude.com.br\/index.php\/wp-json\/wp\/v2\/product_cat?post=5431"},{"taxonomy":"product_tag","embeddable":true,"href":"https:\/\/episnasaude.com.br\/index.php\/wp-json\/wp\/v2\/product_tag?post=5431"}],"curies":[{"name":"wp","href":"https:\/\/api.w.org\/{rel}","templated":true}]}}