{"id":6193,"date":"2025-12-17T23:42:13","date_gmt":"2025-12-18T02:42:13","guid":{"rendered":"https:\/\/episnasaude.com.br\/?post_type=product&#038;p=6193"},"modified":"2026-03-11T22:35:30","modified_gmt":"2026-03-12T01:35:30","slug":"sticky-shoes-clog-com-solado-de-borracha-ca-49-860","status":"publish","type":"product","link":"https:\/\/episnasaude.com.br\/index.php\/product\/sticky-shoes-clog-com-solado-de-borracha-ca-49-860\/","title":{"rendered":"STICKY SHOES CLOG COM SOLADO DE BORRACHA  | CA 49.860"},"content":{"rendered":"<p><strong>CARACTER\u00cdSTICAS E CAMPOS DE USO<br \/>\n<\/strong><\/p>\n<ul>\n<li class=\"p1\"><strong>Classe II:<\/strong> Cal\u00e7ado Polim\u00e9rico<\/li>\n<li class=\"p1\"><strong>Tipo A:<\/strong> Cal\u00e7ado Baixo<\/li>\n<li class=\"p1\"><strong>OB:<\/strong> Ocupacional B\u00e1sico<\/li>\n<li class=\"p1\"><strong>SRC:<\/strong> Resistente ao escorregamento em piso de cer\u00e2mica\u00a0contaminado com detergente e em piso de a\u00e7o\u00a0contaminado com \u00f3leo mineral<\/li>\n<li class=\"p1\"><strong>E:<\/strong> Absor\u00e7\u00e3o de energia na \u00e1rea do salto<\/li>\n<li class=\"p1\"><strong>FO: <\/strong>Resistente a hidrocarbonetos<\/li>\n<\/ul>\n<p class=\"p1\"><strong>NORMAS T\u00c9CNICAS ATENDIDAS<\/strong><\/p>\n<ul>\n<li class=\"p1\">ABNT NBR ISO 20344:2015<\/li>\n<li class=\"p1\">ABNT NBR ISO 20347:2015<\/li>\n<\/ul>\n<p><strong>ARMAZENAMENTO<\/strong><\/p>\n<p class=\"p1\">Armazenar em ambiente com temperatura m\u00e9dia de at\u00e9\u00a030\u00baC e umidade relativa do ar aproximada de 55%. Manter o\u00a0local arejado, livre de calor excessivo, luz solar direta e\u00a0umidade. O cal\u00e7ado pode ser armazenado at\u00e9 2 anos sem\u00a0uso, desde que seguidas essas condi\u00e7\u00f5es.<\/p>\n<p><strong>HIGIENIZA\u00c7\u00c3O<\/strong><\/p>\n<p class=\"p1\">Secar o cal\u00e7ado \u00e0 temperatura\u00a0ambiente. N\u00e3o utilizar fornos,\u00a0secadores ou outros\u00a0equipamentos que gerem\u00a0calor para secar.<\/p>\n<p><strong>CUIDADOS<\/strong><\/p>\n<p class=\"p1\">Evitar exposi\u00e7\u00e3o\u00a0prolongada a altas\u00a0temperaturas para\u00a0preservar a integridade\u00a0do material.<\/p>\n<p><strong>QUANDO SUBSTITUIR<\/strong><\/p>\n<p class=\"p1\">O cal\u00e7ado deve ser substitu\u00eddo ao apresentar qualquer risco \u00e0\u00a0integridade f\u00edsica do usu\u00e1rio, como desgaste excessivo ou danos.\u00a0O fabricante oferece garantia de 90 dias contra defeitos de\u00a0fabrica\u00e7\u00e3o, desde que utilizado em condi\u00e7\u00f5es normais de uso.<\/p>\n<p><strong>DURABILIDADE DO SOLADO<\/strong><\/p>\n<p class=\"p1\">A durabilidade do solado depende da rugosidade do piso e\u00a0do tipo de atividade do usu\u00e1rio. Em pisos semelhantes aos\u00a0usados nos testes conforme a ABNT NBR ISO 20.347:2015,\u00a0a vida \u00fatil m\u00e9dia do solado \u00e9 de 360 dias.<\/p>\n<p><span style=\"color: #ff0000;\"><strong>RESTRI\u00c7\u00d5ES E LIMITA\u00c7\u00d5ES DE USO<\/strong><\/span><\/p>\n<ul>\n<li>N\u00e3o utilizar a bota em \u00e1reas energizadas.<\/li>\n<li>N\u00e3o indicado para ambientes com agentes t\u00e9rmicos (calor extremo ou chamas).<\/li>\n<li>N\u00e3o apropriado para aplica\u00e7\u00f5es de agrot\u00f3xicos.<\/li>\n<li>N\u00e3o secar sej EPI sob luz direta do sol<\/li>\n<\/ul>\n<p><span style=\"color: #ff0000;\"><strong>SUBST\u00c2NCIAS RESTRITIVAS<\/strong><\/span><\/p>\n<p>Este produto n\u00e3o cont\u00e9m subst\u00e2ncias nocivas \u00e0 sa\u00fade do usu\u00e1rio. \u00c9 livre de <em><strong>Ftalatos<\/strong><\/em> e atende aos padr\u00f5es internacionais de seguran\u00e7a.<\/p>\n<p><span style=\"color: #ff0000;\"><strong>INFORMA\u00c7\u00d5ES COMPLEMENTARES SOBRE O CAL\u00c7ADO<\/strong><\/span><\/p>\n<p class=\"p1\"><span style=\"color: #3366ff;\"><strong><span style=\"color: #253264;\">PVC NITR\u00cdLICO |<\/span>\u00a0<span style=\"color: #277396;\">Flexibilidade, conforto e durabilidade:<\/span><\/strong><\/span> Cabedal injetado em PVC Nitr\u00edlico, proporcionando equil\u00edbrio ideal entre conforto e resist\u00eancia. Com a adi\u00e7\u00e3o da nitrila ao PVC, o material ganha uma flexibilidade extraordin\u00e1ria e uma\u00a0elasticidade que proporciona ao usu\u00e1rio uma sensa\u00e7\u00e3o de liberdade de movimento,\u00a0adaptando-se ao p\u00e9 como uma luva. Al\u00e9m disso, o PVC Nitr\u00edlico \u00e9 100% imperme\u00e1vel, tornando-o\u00a0ideal para ambientes onde a prote\u00e7\u00e3o contra a umidade \u00e9 essencial. Sua estrutura sem poros\u00a0facilita a higieniza\u00e7\u00e3o, garantindo que o cal\u00e7ado se mantenha limpo com menos esfor\u00e7o. Este\u00a0material n\u00e3o desbota com o tempo e, ao contr\u00e1rio do PU, n\u00e3o sofre com a hidr\u00f3lise, mantendo\u00a0sua integridade por muito mais tempo.<\/p>\n<p><span style=\"color: #3366ff;\"><strong><span style=\"color: #253264;\">F\u00c1CIL DE LIMPAR E DESINFECTAR |<\/span>\u00a0<span style=\"color: #277396;\">Praticidade e higiene sempre ao seu alcance:\u00a0<\/span><\/strong><\/span>Facilidade na manuten\u00e7\u00e3o da higiene, essencial para ambientes onde a limpeza \u00e9 prioridade.\u00a0Material 100% imperme\u00e1vel e sem poros, o que impede a absor\u00e7\u00e3o de sujeira e l\u00edquidos. Isso\u00a0torna a superf\u00edcie do cal\u00e7ado f\u00e1cil de limpar, permitindo uma r\u00e1pida remo\u00e7\u00e3o de res\u00edduos como\u00a0gordura. Com apenas um pano \u00famido ou lavagem simples, o cal\u00e7ado retorna ao seu estado\u00a0limpo e pronto para o pr\u00f3ximo turno. Para uma assepsia completa, esse cal\u00e7ado pode ser\u00a0desinfetado com hipoclorito de s\u00f3dio (\u00e1gua sanit\u00e1ria), garantindo a elimina\u00e7\u00e3o de germes,\u00a0fungos e bact\u00e9rias.<\/p>\n<p><span style=\"color: #3366ff;\"><strong><span style=\"color: #253264;\">DESIGN INTELIGENTE |<\/span>\u00a0<span style=\"color: #277396;\">Conforto que vai al\u00e9m do estilo:\u00a0<\/span><\/strong><\/span>Cal\u00e7ado desenvolvido com design inteligente pensando no bem-estar de quem passa longos per\u00edodos em p\u00e9. Mais do que pensar em um design est\u00e9tico, cada detalhe foi planejado para oferecer conforto ergon\u00f4mico ao usu\u00e1rio. Este cal\u00e7ado distribui o peso corporal, equilibrando a press\u00e3o entre a planta do p\u00e9 e o calcanhar, garantindo que o corpo se mantenha alinhado e est\u00e1vel, mesmo durante longas jornadas. Essa tecnologia ajuda a reduzir o cansa\u00e7o das pernas e minimiza o impacto nas articula\u00e7\u00f5es, proporcionando uma sensa\u00e7\u00e3o de leveza que faz toda a diferen\u00e7a no dia a dia de profissionais que precisam estar sempre em movimento.<\/p>\n<p><span style=\"color: #3366ff;\"><strong><span style=\"color: #253264;\">SOLADO STICKY |<\/span>\u00a0<span style=\"color: #277396;\">M\u00e1xima ader\u00eancia e seguran\u00e7a em superf\u00edcies escorregadias:\u00a0<\/span><\/strong><\/span>Cal\u00e7ado com solado \u201cSTICKY\u201d, desenvolvido para oferecer uma resist\u00eancia excepcional ao escorregamento, garantindo a seguran\u00e7a do usu\u00e1rio em ambientes onde umidade, gordura ou sab\u00e3o estejam presentes. Este solado \u00e9 fabricado em borracha vulcanizada com desenho industrial patenteado. O solado possui ressaltos em formato hexagonal que funcionam de maneira semelhante a um pneu de carro em dias de chuva. O design permite que a \u00e1gua escoe entre os frisos, aumentando a \u00e1rea de contato do solado com a superf\u00edcie seca, consequentemente melhorando a ader\u00eancia, garantindo seguran\u00e7a e estabilidade para o usu\u00e1rio. Este solado possui \u00edndice de escorregamento SRC, o \u00edndice mais elevado de resist\u00eancia, de acordo com a norma ISO.<\/p>\n<p><span style=\"color: #3366ff;\"><strong><span style=\"color: #253264;\">PALMILHA STICKY |<\/span>\u00a0<span style=\"color: #277396;\">Tecnologia antimicrobiana e absor\u00e7\u00e3o do suor para m\u00e1ximo conforto:\u00a0<\/span><\/strong><\/span>Palmilha STICKY com tratamento antimicrobiano e sistema de absor\u00e7\u00e3o de suor, garantindo mais conforto e higiene. Sua f\u00f3rmula antimicrobiana utiliza \u00edons de sais de prata encapsulados em nanotecnologia, que, conforme o uso, s\u00e3o liberados gradualmente atrav\u00e9s do atrito gerado pelos movimentos. Esse processo libera os \u00edons, criando uma barreira eficaz contra a prolifera\u00e7\u00e3o de fungos e bact\u00e9rias, promovendo um ambiente mais saud\u00e1vel dentro do cal\u00e7ado. Al\u00e9m disso, durante o uso, a palmilha absorve a umidade gerada pelo p\u00e9, mantendo-o seco e confort\u00e1vel e, quando o cal\u00e7ado n\u00e3o est\u00e1 em uso, o suor evapora rapidamente, permitindo uma secagem mais eficiente, garantindo que o usu\u00e1rio tenha a sensa\u00e7\u00e3o de p\u00e9s secos e protegidos durante todo o dia, mesmo em condi\u00e7\u00f5es de trabalho intensas.<\/p>\n<p><img fetchpriority=\"high\" decoding=\"async\" class=\"alignleft wp-image-6257 size-large\" src=\"https:\/\/episnasaude.com.br\/wp-content\/uploads\/2025\/12\/33_45-1024x281.gif\" alt=\"\" width=\"1024\" height=\"281\" srcset=\"https:\/\/episnasaude.com.br\/wp-content\/uploads\/2025\/12\/33_45-1024x281.gif 1024w, https:\/\/episnasaude.com.br\/wp-content\/uploads\/2025\/12\/33_45-300x82.gif 300w, https:\/\/episnasaude.com.br\/wp-content\/uploads\/2025\/12\/33_45-768x211.gif 768w, https:\/\/episnasaude.com.br\/wp-content\/uploads\/2025\/12\/33_45-1536x422.gif 1536w, https:\/\/episnasaude.com.br\/wp-content\/uploads\/2025\/12\/33_45-2048x562.gif 2048w, https:\/\/episnasaude.com.br\/wp-content\/uploads\/2025\/12\/33_45-600x165.gif 600w\" sizes=\"(max-width: 1024px) 100vw, 1024px\" \/><\/p>\n<p><img decoding=\"async\" class=\"alignnone size-medium wp-image-5069\" src=\"https:\/\/episnasaude.com.br\/wp-content\/uploads\/2025\/12\/SELO-300x144.gif\" alt=\"\" width=\"300\" height=\"144\" srcset=\"https:\/\/episnasaude.com.br\/wp-content\/uploads\/2025\/12\/SELO-300x144.gif 300w, https:\/\/episnasaude.com.br\/wp-content\/uploads\/2025\/12\/SELO-1024x490.gif 1024w, https:\/\/episnasaude.com.br\/wp-content\/uploads\/2025\/12\/SELO-768x367.gif 768w, https:\/\/episnasaude.com.br\/wp-content\/uploads\/2025\/12\/SELO-600x287.gif 600w\" sizes=\"(max-width: 300px) 100vw, 300px\" \/><\/p>\n","protected":false},"excerpt":{"rendered":"<p class=\"p1\">Cal\u00e7ado polim\u00e9rico ocupacional unissex com cabedal injetado\u00a0em EVA Emborrachado e solado de borracha adesivado\u00a0resistente ao escorregamento \u00edndice SRC.<\/p>\n<p class=\"p1\"><strong>PROTE\u00c7\u00c3O QUE O CAL\u00c7ADO OFERECE\u00a0E INDICA\u00c7\u00c3O DE USO<\/strong><\/p>\n<p class=\"p1\">Cal\u00e7ado para prote\u00e7\u00e3o dos p\u00e9s contra agentes abrasivos e escoriantes, umidade proveniente do trabalho com \u00e1gua e resist\u00eancia ao escorregamento em locais escorregadios. Desenvolvido para uso em gastronomia e servi\u00e7os de alimenta\u00e7\u00e3o, como restaurantes, bares, cozinhas industriais, padarias, confeitarias, ind\u00fastrias aliment\u00edcias e supermercados; sa\u00fade e bem-estar, como hospitais, cl\u00ednicas, laborat\u00f3rios, spas e centros est\u00e9ticos; servi\u00e7os de limpeza e higieniza\u00e7\u00e3o, como empresas de limpeza profissional e limpeza hospitalar; e hotelaria, como hot\u00e9is, resorts e servi\u00e7os de governan\u00e7a.<\/p>\n<p><img decoding=\"async\" class=\"alignnone size-medium wp-image-5717\" src=\"https:\/\/episnasaude.com.br\/wp-content\/uploads\/2025\/12\/dwefg-300x78.png\" alt=\"\" width=\"300\" height=\"78\" srcset=\"https:\/\/episnasaude.com.br\/wp-content\/uploads\/2025\/12\/dwefg-300x78.png 300w, https:\/\/episnasaude.com.br\/wp-content\/uploads\/2025\/12\/dwefg-768x199.png 768w, https:\/\/episnasaude.com.br\/wp-content\/uploads\/2025\/12\/dwefg-600x155.png 600w, https:\/\/episnasaude.com.br\/wp-content\/uploads\/2025\/12\/dwefg.png 935w\" sizes=\"(max-width: 300px) 100vw, 300px\" \/><\/p>\n","protected":false},"featured_media":5068,"comment_status":"open","ping_status":"closed","template":"","meta":[],"product_brand":[],"product_cat":[15],"product_tag":[],"class_list":{"0":"post-6193","1":"product","2":"type-product","3":"status-publish","4":"has-post-thumbnail","6":"product_cat-clog","8":"first","9":"instock","10":"shipping-taxable","11":"purchasable","12":"product-type-variable","13":"has-default-attributes"},"_links":{"self":[{"href":"https:\/\/episnasaude.com.br\/index.php\/wp-json\/wp\/v2\/product\/6193","targetHints":{"allow":["GET"]}}],"collection":[{"href":"https:\/\/episnasaude.com.br\/index.php\/wp-json\/wp\/v2\/product"}],"about":[{"href":"https:\/\/episnasaude.com.br\/index.php\/wp-json\/wp\/v2\/types\/product"}],"replies":[{"embeddable":true,"href":"https:\/\/episnasaude.com.br\/index.php\/wp-json\/wp\/v2\/comments?post=6193"}],"wp:featuredmedia":[{"embeddable":true,"href":"https:\/\/episnasaude.com.br\/index.php\/wp-json\/wp\/v2\/media\/5068"}],"wp:attachment":[{"href":"https:\/\/episnasaude.com.br\/index.php\/wp-json\/wp\/v2\/media?parent=6193"}],"wp:term":[{"taxonomy":"product_brand","embeddable":true,"href":"https:\/\/episnasaude.com.br\/index.php\/wp-json\/wp\/v2\/product_brand?post=6193"},{"taxonomy":"product_cat","embeddable":true,"href":"https:\/\/episnasaude.com.br\/index.php\/wp-json\/wp\/v2\/product_cat?post=6193"},{"taxonomy":"product_tag","embeddable":true,"href":"https:\/\/episnasaude.com.br\/index.php\/wp-json\/wp\/v2\/product_tag?post=6193"}],"curies":[{"name":"wp","href":"https:\/\/api.w.org\/{rel}","templated":true}]}}